{"id":24,"date":"2016-02-12T08:13:06","date_gmt":"2016-02-12T08:13:06","guid":{"rendered":"http:\/\/demos.famethemes.com\/onepress\/?page_id=24"},"modified":"2025-01-24T22:22:25","modified_gmt":"2025-01-24T22:22:25","slug":"servicios-centros-educativos","status":"publish","type":"page","link":"https:\/\/asterati.com.mx\/index.php\/servicios-centros-educativos\/","title":{"rendered":"Servicios para centros educativos"},"content":{"rendered":"<p>En ASTERATI creemos que una educaci\u00f3n de alta calidad es una educaci\u00f3n moderna. Una en la que alumnos y profesores puedan crear experiencias de aprendizaje profundamente individualizadas y conectadas, en cualquier momento y desde cualquier lugar, en el aula o fuera de ella.<\/p>\n<p>A trav\u00e9s de nuestros servicios orientados al cambio metodol\u00f3gico y con una potente base tecnol\u00f3gica, ASTERATI es capaz de poner en las manos de la comunidad educativa soluciones que les permitan no solo diferenciarse sino, lo que\u00a0 es m\u00e1s importante a\u00fan, alcanzar sus metas.<\/p>\n<p>Ofrecemos:<\/p>\n<ul>\n<li><strong>Equipamiento del centro: <\/strong>Tecnolog\u00eda especial para centros educativos. Aumenta la conectividad y protege el equipamiento tecnol\u00f3gico del centro.<\/li>\n<li><strong>Equipamiento del aula: <\/strong>Equipos tecnol\u00f3gicos para equipar completamente las aulas y convertirlas en aut\u00e9nticas aulas digitales.<\/li>\n<li><strong>Soluciones y Software:<\/strong> Contamos con soluciones inform\u00e1ticas, as\u00ed como software espec\u00edfico para gesti\u00f3n de las aulas.<\/li>\n<li><strong>Formaci\u00f3n:\u00a0<\/strong>Cursos sobre tecnolog\u00eda para la educaci\u00f3n. Formamos a los profesores sobre la utilizaci\u00f3n de software educativo.<\/li>\n<\/ul>\n","protected":false},"excerpt":{"rendered":"<p>En ASTERATI creemos que una educaci\u00f3n de alta calidad es una educaci\u00f3n moderna. <\/p>\n","protected":false},"author":2,"featured_media":0,"parent":0,"menu_order":0,"comment_status":"closed","ping_status":"closed","template":"template-fullwidth-stretched.php","meta":{"footnotes":""},"class_list":["post-24","page","type-page","status-publish","hentry"],"_links":{"self":[{"href":"https:\/\/asterati.com.mx\/index.php\/wp-json\/wp\/v2\/pages\/24","targetHints":{"allow":["GET"]}}],"collection":[{"href":"https:\/\/asterati.com.mx\/index.php\/wp-json\/wp\/v2\/pages"}],"about":[{"href":"https:\/\/asterati.com.mx\/index.php\/wp-json\/wp\/v2\/types\/page"}],"author":[{"embeddable":true,"href":"https:\/\/asterati.com.mx\/index.php\/wp-json\/wp\/v2\/users\/2"}],"replies":[{"embeddable":true,"href":"https:\/\/asterati.com.mx\/index.php\/wp-json\/wp\/v2\/comments?post=24"}],"version-history":[{"count":4,"href":"https:\/\/asterati.com.mx\/index.php\/wp-json\/wp\/v2\/pages\/24\/revisions"}],"predecessor-version":[{"id":1565,"href":"https:\/\/asterati.com.mx\/index.php\/wp-json\/wp\/v2\/pages\/24\/revisions\/1565"}],"wp:attachment":[{"href":"https:\/\/asterati.com.mx\/index.php\/wp-json\/wp\/v2\/media?parent=24"}],"curies":[{"name":"wp","href":"https:\/\/api.w.org\/{rel}","templated":true}]}}