{"id":23,"date":"2016-02-12T08:12:49","date_gmt":"2016-02-12T08:12:49","guid":{"rendered":"http:\/\/demos.famethemes.com\/onepress\/?page_id=23"},"modified":"2025-01-24T22:15:36","modified_gmt":"2025-01-24T22:15:36","slug":"servicios-para-empresas","status":"publish","type":"page","link":"https:\/\/asterati.com.mx\/index.php\/servicios-para-empresas\/","title":{"rendered":"Servicios para empresas"},"content":{"rendered":"\t\t<div data-elementor-type=\"wp-page\" data-elementor-id=\"23\" class=\"elementor elementor-23\">\n\t\t\t\t\t\t<section class=\"elementor-section elementor-top-section elementor-element elementor-element-3fa3af7d elementor-section-boxed elementor-section-height-default elementor-section-height-default\" data-id=\"3fa3af7d\" data-element_type=\"section\" data-e-type=\"section\">\n\t\t\t\t\t\t<div class=\"elementor-container elementor-column-gap-default\">\n\t\t\t\t\t<div class=\"elementor-column elementor-col-100 elementor-top-column elementor-element elementor-element-12f1bf97\" data-id=\"12f1bf97\" data-element_type=\"column\" data-e-type=\"column\">\n\t\t\t<div class=\"elementor-widget-wrap elementor-element-populated\">\n\t\t\t\t\t\t<div class=\"elementor-element elementor-element-514a215c elementor-widget elementor-widget-text-editor\" data-id=\"514a215c\" data-element_type=\"widget\" data-e-type=\"widget\" data-widget_type=\"text-editor.default\">\n\t\t\t\t<div class=\"elementor-widget-container\">\n\t\t\t\t\t\t\t\t\t<p>10 a\u00f1os en el sector del material de oficina nos ha hecho crecer y diversificar nuestro portafolio de productos y servicios para empresas.<\/p>\n<p>Conocemos la problem\u00e1tica de las empresas y queremos ser su&nbsp;<strong>proveedor de confianza<\/strong>. Le proporcionaremos soluciones en \u00e1reas como la adquisici\u00f3n de productos IT, la prestaci\u00f3n de servicios IT, servicio t\u00e9cnico, audiovisuales y material de oficina. Seremos para su empresa, un colaborador externo que proporciones soluciones a la medida de sus necesidades.<\/p>\n<p>En el \u00e1rea de Soluciones y Productos IP somos partners certificados de los principales fabricantes.<\/p>\t\t\t\t\t\t\t\t<\/div>\n\t\t\t\t<\/div>\n\t\t\t\t\t<\/div>\n\t\t<\/div>\n\t\t\t\t\t<\/div>\n\t\t<\/section>\n\t\t\t\t<section class=\"elementor-section elementor-top-section elementor-element elementor-element-78ce72e elementor-section-boxed elementor-section-height-default elementor-section-height-default\" data-id=\"78ce72e\" data-element_type=\"section\" data-e-type=\"section\">\n\t\t\t\t\t\t<div class=\"elementor-container elementor-column-gap-default\">\n\t\t\t\t\t<div class=\"elementor-column elementor-col-100 elementor-top-column elementor-element elementor-element-629287b\" data-id=\"629287b\" data-element_type=\"column\" data-e-type=\"column\">\n\t\t\t<div class=\"elementor-widget-wrap elementor-element-populated\">\n\t\t\t\t\t\t<div class=\"elementor-element elementor-element-06c3a63 elementor-widget elementor-widget-image\" data-id=\"06c3a63\" data-element_type=\"widget\" data-e-type=\"widget\" data-widget_type=\"image.default\">\n\t\t\t\t<div class=\"elementor-widget-container\">\n\t\t\t\t\t\t\t\t\t\t\t\t\t\t\t<img fetchpriority=\"high\" decoding=\"async\" width=\"640\" height=\"350\" src=\"https:\/\/asterati.com.mx\/wp-content\/uploads\/2016\/02\/about2.jpg\" class=\"attachment-large size-large wp-image-19\" alt=\"\" srcset=\"https:\/\/asterati.com.mx\/wp-content\/uploads\/2016\/02\/about2.jpg 640w, https:\/\/asterati.com.mx\/wp-content\/uploads\/2016\/02\/about2-300x164.jpg 300w\" sizes=\"(max-width: 640px) 100vw, 640px\" \/>\t\t\t\t\t\t\t\t\t\t\t\t\t\t\t<\/div>\n\t\t\t\t<\/div>\n\t\t\t\t\t<\/div>\n\t\t<\/div>\n\t\t\t\t\t<\/div>\n\t\t<\/section>\n\t\t\t\t<\/div>\n\t\t","protected":false},"excerpt":{"rendered":"<p>10 a\u00f1os en el sector del material de oficina nos ha hecho crecer y diversificar nuestro portfolio de productos y servicios para empresas.<\/p>\n","protected":false},"author":2,"featured_media":0,"parent":0,"menu_order":0,"comment_status":"closed","ping_status":"closed","template":"","meta":{"footnotes":""},"class_list":["post-23","page","type-page","status-publish","hentry"],"_links":{"self":[{"href":"https:\/\/asterati.com.mx\/index.php\/wp-json\/wp\/v2\/pages\/23","targetHints":{"allow":["GET"]}}],"collection":[{"href":"https:\/\/asterati.com.mx\/index.php\/wp-json\/wp\/v2\/pages"}],"about":[{"href":"https:\/\/asterati.com.mx\/index.php\/wp-json\/wp\/v2\/types\/page"}],"author":[{"embeddable":true,"href":"https:\/\/asterati.com.mx\/index.php\/wp-json\/wp\/v2\/users\/2"}],"replies":[{"embeddable":true,"href":"https:\/\/asterati.com.mx\/index.php\/wp-json\/wp\/v2\/comments?post=23"}],"version-history":[{"count":12,"href":"https:\/\/asterati.com.mx\/index.php\/wp-json\/wp\/v2\/pages\/23\/revisions"}],"predecessor-version":[{"id":1560,"href":"https:\/\/asterati.com.mx\/index.php\/wp-json\/wp\/v2\/pages\/23\/revisions\/1560"}],"wp:attachment":[{"href":"https:\/\/asterati.com.mx\/index.php\/wp-json\/wp\/v2\/media?parent=23"}],"curies":[{"name":"wp","href":"https:\/\/api.w.org\/{rel}","templated":true}]}}