{"id":17,"date":"2016-02-12T08:09:36","date_gmt":"2016-02-12T08:09:36","guid":{"rendered":"http:\/\/demos.famethemes.com\/onepress\/?page_id=17"},"modified":"2025-01-24T22:20:14","modified_gmt":"2025-01-24T22:20:14","slug":"quienes-somos","status":"publish","type":"page","link":"https:\/\/asterati.com.mx\/index.php\/quienes-somos\/","title":{"rendered":"\u00bfQui\u00e9nes somos?"},"content":{"rendered":"\t\t<div data-elementor-type=\"wp-page\" data-elementor-id=\"17\" class=\"elementor elementor-17\">\n\t\t\t\t\t\t<section class=\"elementor-section elementor-top-section elementor-element elementor-element-72e3842d elementor-section-boxed elementor-section-height-default elementor-section-height-default\" data-id=\"72e3842d\" data-element_type=\"section\" data-e-type=\"section\">\n\t\t\t\t\t\t<div class=\"elementor-container elementor-column-gap-default\">\n\t\t\t\t\t<div class=\"elementor-column elementor-col-100 elementor-top-column elementor-element elementor-element-349ffcbb\" data-id=\"349ffcbb\" data-element_type=\"column\" data-e-type=\"column\">\n\t\t\t<div class=\"elementor-widget-wrap elementor-element-populated\">\n\t\t\t\t\t\t<div class=\"elementor-element elementor-element-51072512 elementor-widget__width-initial elementor-widget elementor-widget-text-editor\" data-id=\"51072512\" data-element_type=\"widget\" data-e-type=\"widget\" data-widget_type=\"text-editor.default\">\n\t\t\t\t<div class=\"elementor-widget-container\">\n\t\t\t\t\t\t\t\t\t<p><span style=\"color: var( --e-global-color-text );\">En ASTERATI seguimos trabajando con la misma ilusi\u00f3n y empe\u00f1o que el primer d\u00eda.<\/span><\/p>\n<p>Durante los \u00faltimos a\u00f1os, nos hemos dimensionado y estructurado para poder prestar cualquier tipo de servicio a nuestros clientes, focaliz\u00e1ndonos principalmente en el desarrollo de las nuevas tecnolog\u00edas de la informaci\u00f3n.<\/p>\n<p>Nuestros puntos fuertes:<\/p>\n<p>La&nbsp;<strong>constante innovaci\u00f3n<\/strong>&nbsp;en nuestra oferta de productos y servicios, siempre contando con los principales fabricantes del mercado.<\/p>\n<p>Un trato personalizado con cada cliente.<\/p>\n<p>Ambos aspectos nos han permitido llegar a ser una de las principales empresas de servicios de la Republica Mexicana y alcanzar una de las primeras posiciones en el mercado nacional.<\/p>\n<p>El cliente es una de las piezas fundamentales de nuestro desarrollo.&nbsp;Somos una&nbsp;<strong>empresa 100% Mexicana<\/strong>&nbsp;que cuenta con una gran ventaja frente a la competencia internacional: Nuestra especializaci\u00f3n en el mercado nacional. Por esta raz\u00f3n estamos siempre cerca del cliente, dando soluci\u00f3n a sus problemas y necesidades de la forma m\u00e1s eficiente.<\/p>\t\t\t\t\t\t\t\t<\/div>\n\t\t\t\t<\/div>\n\t\t\t\t\t<\/div>\n\t\t<\/div>\n\t\t\t\t\t<\/div>\n\t\t<\/section>\n\t\t\t\t<\/div>\n\t\t","protected":false},"excerpt":{"rendered":"<p>ASTERATI suministro integral de material de oficina e inform\u00e1tica desde hace 10 a\u00f1os<br \/>\nCon m\u00e1s de 50 a\u00f1os de experiencia, en ASTERATI seguimos trabajando con la misma ilusi\u00f3n y empe\u00f1o que el primer d\u00eda.<\/p>\n","protected":false},"author":2,"featured_media":19,"parent":0,"menu_order":0,"comment_status":"closed","ping_status":"closed","template":"","meta":{"footnotes":""},"class_list":["post-17","page","type-page","status-publish","has-post-thumbnail","hentry"],"_links":{"self":[{"href":"https:\/\/asterati.com.mx\/index.php\/wp-json\/wp\/v2\/pages\/17","targetHints":{"allow":["GET"]}}],"collection":[{"href":"https:\/\/asterati.com.mx\/index.php\/wp-json\/wp\/v2\/pages"}],"about":[{"href":"https:\/\/asterati.com.mx\/index.php\/wp-json\/wp\/v2\/types\/page"}],"author":[{"embeddable":true,"href":"https:\/\/asterati.com.mx\/index.php\/wp-json\/wp\/v2\/users\/2"}],"replies":[{"embeddable":true,"href":"https:\/\/asterati.com.mx\/index.php\/wp-json\/wp\/v2\/comments?post=17"}],"version-history":[{"count":21,"href":"https:\/\/asterati.com.mx\/index.php\/wp-json\/wp\/v2\/pages\/17\/revisions"}],"predecessor-version":[{"id":1564,"href":"https:\/\/asterati.com.mx\/index.php\/wp-json\/wp\/v2\/pages\/17\/revisions\/1564"}],"wp:featuredmedia":[{"embeddable":true,"href":"https:\/\/asterati.com.mx\/index.php\/wp-json\/wp\/v2\/media\/19"}],"wp:attachment":[{"href":"https:\/\/asterati.com.mx\/index.php\/wp-json\/wp\/v2\/media?parent=17"}],"curies":[{"name":"wp","href":"https:\/\/api.w.org\/{rel}","templated":true}]}}